{"id":46,"date":"2013-08-11T16:43:11","date_gmt":"2013-08-11T16:43:11","guid":{"rendered":"http:\/\/vshadres.ac.at\/wordpress\/wordpress\/?page_id=46"},"modified":"2024-11-11T19:18:48","modified_gmt":"2024-11-11T19:18:48","slug":"archiv","status":"publish","type":"page","link":"https:\/\/vshadres.ac.at\/?page_id=46","title":{"rendered":"Archiv"},"content":{"rendered":"<p>Hier finden Sie alle Ausfl\u00fcge und Aktivit\u00e4ten der letzten Jahre.<\/p>\n<p>Mit einem Klick auf das Jahr, k\u00f6nnen Sie die Erlebnisse der Kinder noch einmal in Ruhe betrachten.<\/p>\n<p><a href=\"https:\/\/vshadres.ac.at\/?p=4023\">Aktivit\u00e4ten des Schuljahres 2023\/24<\/a><\/p>\n","protected":false},"excerpt":{"rendered":"<p>Hier finden Sie alle Ausfl\u00fcge und Aktivit\u00e4ten der letzten Jahre. Mit einem Klick auf das Jahr, k\u00f6nnen Sie die Erlebnisse der Kinder noch einmal in Ruhe betrachten. Aktivit\u00e4ten des Schuljahres 2023\/24<\/p>\n","protected":false},"author":1,"featured_media":0,"parent":0,"menu_order":0,"comment_status":"closed","ping_status":"closed","template":"","meta":{"footnotes":""},"class_list":["post-46","page","type-page","status-publish","hentry"],"_links":{"self":[{"href":"https:\/\/vshadres.ac.at\/index.php?rest_route=\/wp\/v2\/pages\/46","targetHints":{"allow":["GET"]}}],"collection":[{"href":"https:\/\/vshadres.ac.at\/index.php?rest_route=\/wp\/v2\/pages"}],"about":[{"href":"https:\/\/vshadres.ac.at\/index.php?rest_route=\/wp\/v2\/types\/page"}],"author":[{"embeddable":true,"href":"https:\/\/vshadres.ac.at\/index.php?rest_route=\/wp\/v2\/users\/1"}],"replies":[{"embeddable":true,"href":"https:\/\/vshadres.ac.at\/index.php?rest_route=%2Fwp%2Fv2%2Fcomments&post=46"}],"version-history":[{"count":36,"href":"https:\/\/vshadres.ac.at\/index.php?rest_route=\/wp\/v2\/pages\/46\/revisions"}],"predecessor-version":[{"id":4040,"href":"https:\/\/vshadres.ac.at\/index.php?rest_route=\/wp\/v2\/pages\/46\/revisions\/4040"}],"wp:attachment":[{"href":"https:\/\/vshadres.ac.at\/index.php?rest_route=%2Fwp%2Fv2%2Fmedia&parent=46"}],"curies":[{"name":"wp","href":"https:\/\/api.w.org\/{rel}","templated":true}]}}