{"id":44,"date":"2013-08-11T16:42:45","date_gmt":"2013-08-11T16:42:45","guid":{"rendered":"http:\/\/vshadres.ac.at\/wordpress\/wordpress\/?page_id=44"},"modified":"2022-10-16T15:20:09","modified_gmt":"2022-10-16T15:20:09","slug":"kontakt","status":"publish","type":"page","link":"https:\/\/vshadres.ac.at\/?page_id=44","title":{"rendered":"Kontakt"},"content":{"rendered":"<p style=\"text-align: center;\"><span style=\"font-family: 'trebuchet ms', 'geneva';\">Adresse:<\/span><\/p>\n<p style=\"text-align: center;\"><span style=\"font-family: 'trebuchet ms', 'geneva';\">Volksschule Hadres<br \/>\n<\/span>Volksschulsiedlung 2<br \/>\n<span style=\"font-family: 'trebuchet ms', 'geneva';\"> 2061 Hadres<br \/>\n<\/span><\/p>\n<p style=\"text-align: center;\">Schulleitung: VOL Sabine Steinachter, MEd<\/p>\n<p style=\"text-align: center;\"><span style=\"font-family: 'trebuchet ms', 'geneva';\">Telefon: 02943\/2479<\/span><\/p>\n<p style=\"text-align: center;\"><span style=\"font-family: trebuchet ms,geneva,sans-serif;\">Mail: 310131@noeschule.at<\/span><\/p>\n<p>&nbsp;<\/p>\n<p>Impressum:<\/p>\n<p><span style=\"font-family: trebuchet ms, geneva, sans-serif;\"><strong>Diese Homepage ist ein Informationsmedium der VS Hadres<\/strong><\/span><\/p>\n<p><span style=\"font-family: trebuchet ms, geneva, sans-serif;\"><strong>Copyright<\/strong><\/span><\/p>\n<p><span style=\"font-family: trebuchet ms,geneva;\">Alle Rechte vorbehalten!<\/span><br \/>\n<span style=\"font-family: trebuchet ms,geneva;\"> Die Vervielf\u00e4ltigung von Texten und Daten, einschlie\u00dflich Speicherung und Nutzung auf optischen und elektronischen Datentr\u00e4gern, ist nur mit vorheriger Zustimmung des Webmasters gestattet. Die Verwertung von Daten inklusive Einspeisung in Online-Dienste, Databases oder Web Sites durch unberechtigte Dritte ist untersagt.<\/span><br \/>\n<span style=\"font-family: trebuchet ms,geneva;\"> Bei namentlich gekennzeichneten Fotos liegen die Verwertungsrechte beim Fotografen, nicht gekennzeichnete Fotos sind Eigentum der VS Hadres. Der Kontakt zu den Urhebern kann \u00fcber den Webmaster hergestellt werden.<\/span><br \/>\n<span style=\"font-family: trebuchet ms,geneva;\"> Wir sind bem\u00fcht, stets die Urheberrechte anderer zu beachten bzw. auf selbst erstellte sowie lizenzfreie Werke zur\u00fcckzugreifen.<\/span><br \/>\n<span style=\"font-family: trebuchet ms,geneva;\"> Die erstellten Inhalte und Werke auf diesen Seiten unterliegen dem \u00f6sterreichischen Urheberrecht. Beitr\u00e4ge Dritter sind als solche gekennzeichnet. Die Vervielf\u00e4ltigung, Bearbeitung, Verbreitung und jede Art der Verwertung au\u00dferhalb der Grenzen des Urheberrechtes bed\u00fcrfen der schriftlichen Zustimmung des jeweiligen Autors bzw. Erstellers. Downloads und Kopien dieser Seite sind nur f\u00fcr den privaten, nicht kommerziellen Gebrauch gestattet.<\/span><\/p>\n<p><span style=\"font-family: trebuchet ms,geneva;\"><strong>Haftungsausschluss<br \/>\n<\/strong>Wir haften nicht f\u00fcr Sch\u00e4den, die aus inkorrekten oder versp\u00e4teten Inhalten oder aus Handlungen resultieren, die im Vertrauen auf die Richtigkeit des Inhaltes get\u00e4tigt wurden. Die auf dieser Website oder in Bezug habenden Dokumenten enthaltenen Informationen stellen keine Rechts- oder Anlageberatung sondern lediglich eine Information dar.<\/span><br \/>\n<span style=\"font-family: trebuchet ms,geneva;\"> Der Betreiber dieser Seite distanziert sich aus rechtlichen Gr\u00fcnden ausdr\u00fccklich vom Inhalt aller extern verlinkter Seiten und \u00fcbernimmt keinerlei Haftung f\u00fcr deren Inhalt.<\/span><br \/>\n<span style=\"font-family: trebuchet ms,geneva;\"> F\u00fcr die Inhalte der verlinkten Seiten ist stets der jeweilige Anbieter oder Betreiber der Seiten verantwortlich. Die verlinkten Seiten wurden zum Zeitpunkt der Verlinkung auf m\u00f6gliche Rechtsverst\u00f6\u00dfe \u00fcberpr\u00fcft. Rechtswidrige Inhalte waren zum Zeitpunkt der Verlinkung nicht erkennbar. Eine permanente inhaltliche Kontrolle der verlinkten Seiten ist jedoch ohne konkrete Anhaltspunkte einer Rechtsverletzung nicht zumutbar. Bei Bekanntwerden von Rechtsverletzungen werden wir derartige Links umgehend entfernen.<\/span><\/p>\n<p><span style=\"font-family: trebuchet ms,geneva;\">Verantwortlich f\u00fcr den Inhalt<\/span><\/p>\n<p>Volksschule Hadres<\/p>\n<p><span style=\"font-family: trebuchet ms,geneva;\">Teilweise vom kostenlosen Disclaimer http:\/\/www.e-recht24.de\/muster-disclaimer.htm \u00fcbernommen.<\/span><\/p>\n","protected":false},"excerpt":{"rendered":"<p>Adresse: Volksschule Hadres Volksschulsiedlung 2 2061 Hadres Schulleitung: VOL Sabine Steinachter, MEd Telefon: 02943\/2479 Mail: 310131@noeschule.at &nbsp; Impressum: Diese Homepage ist ein Informationsmedium der VS Hadres Copyright Alle Rechte vorbehalten! Die Vervielf\u00e4ltigung von Texten und Daten, einschlie\u00dflich Speicherung und Nutzung auf optischen und elektronischen Datentr\u00e4gern, ist nur mit vorheriger Zustimmung des Webmasters gestattet. Die Verwertung &hellip; <\/p>\n<p class=\"link-more\"><a href=\"https:\/\/vshadres.ac.at\/?page_id=44\" class=\"more-link\"><span class=\"screen-reader-text\">\u201eKontakt\u201c<\/span> weiterlesen<\/a><\/p>\n","protected":false},"author":1,"featured_media":0,"parent":0,"menu_order":0,"comment_status":"closed","ping_status":"closed","template":"","meta":{"footnotes":""},"class_list":["post-44","page","type-page","status-publish","hentry"],"_links":{"self":[{"href":"https:\/\/vshadres.ac.at\/index.php?rest_route=\/wp\/v2\/pages\/44","targetHints":{"allow":["GET"]}}],"collection":[{"href":"https:\/\/vshadres.ac.at\/index.php?rest_route=\/wp\/v2\/pages"}],"about":[{"href":"https:\/\/vshadres.ac.at\/index.php?rest_route=\/wp\/v2\/types\/page"}],"author":[{"embeddable":true,"href":"https:\/\/vshadres.ac.at\/index.php?rest_route=\/wp\/v2\/users\/1"}],"replies":[{"embeddable":true,"href":"https:\/\/vshadres.ac.at\/index.php?rest_route=%2Fwp%2Fv2%2Fcomments&post=44"}],"version-history":[{"count":18,"href":"https:\/\/vshadres.ac.at\/index.php?rest_route=\/wp\/v2\/pages\/44\/revisions"}],"predecessor-version":[{"id":3724,"href":"https:\/\/vshadres.ac.at\/index.php?rest_route=\/wp\/v2\/pages\/44\/revisions\/3724"}],"wp:attachment":[{"href":"https:\/\/vshadres.ac.at\/index.php?rest_route=%2Fwp%2Fv2%2Fmedia&parent=44"}],"curies":[{"name":"wp","href":"https:\/\/api.w.org\/{rel}","templated":true}]}}