{"id":4147,"date":"2025-11-10T09:58:04","date_gmt":"2025-11-10T09:58:04","guid":{"rendered":"https:\/\/vshadres.ac.at\/?page_id=4147"},"modified":"2026-03-09T10:11:32","modified_gmt":"2026-03-09T10:11:32","slug":"aktivitaeten-2025-26","status":"publish","type":"page","link":"https:\/\/vshadres.ac.at\/?page_id=4147","title":{"rendered":"Aktivit\u00e4ten 2025\/26"},"content":{"rendered":"<h2>Faschingsfest 2026<\/h2>\n<p>Auch dieses Jahr durften die Kinder wieder in lustigen Verkleidungen in die Schule kommen, um gemeinsam Fasching zu feiern.<\/p>\n<p>Die RAIKA Seefeld-Hadres und Sparkasse Hadres brachten uns s\u00fc\u00dfe Verpflegung in Form von Krapfen, damit die Kinder genug Energie f\u00fcr die anschlie\u00dfenden Spiele in der Grenzlandhalle hatten.<\/p>\n<p><a href=\"https:\/\/vshadres-my.sharepoint.com\/:f:\/g\/personal\/fotos_vshadres_ac_at\/IgBAFZcGP0VYQpIUsRrIAB6sAZw3-QpV7CgzJ0EzyKy0Vfw?e=zUHaAm\">Fotos der Faschingsfeier<\/a><\/p>\n<hr \/>\n<h2>Blick &amp; Klick<\/h2>\n<p>Die 2. Klasse der VS Hadres \u00fcbte beim \u00d6AMTC-Workshop &#8222;Blick &amp; Klick&#8220;, wo im Stra\u00dfenverkehr Gefahren lauern k\u00f6nnen und wie man sich im und um Fahrzeuge richtig verh\u00e4lt.<\/p>\n<p><a href=\"https:\/\/vshadres-my.sharepoint.com\/:f:\/g\/personal\/fotos_vshadres_ac_at\/IgAsPjFCY8ARTrtxUEJbnfS3AV6OwluhIEF4ra9ald4AduM?e=Z1uLyn\">Bilder<\/a><\/p>\n<hr \/>\n<h2>Weihnachtsfeier mit der MS &#8211; Hadres<\/h2>\n<p>Am 23.12. feierte die VS Hadres und MS Hadres mit Pater Johannes Linke ein gemeinsames Weihnachtsfest.<\/p>\n<p>Im Anschluss wurde von der MS Hadres in der Grenzlandhalle ein Stationenbetrieb vorbereitet, um entspannt in die Weihnachtsferien zu starten.<\/p>\n<p><a href=\"https:\/\/vshadres-my.sharepoint.com\/:f:\/g\/personal\/fotos_vshadres_ac_at\/IgD7JbcMVon_Qqc7dl9pduI3ARTRBJpIP_s-W46fc6iAKOk?e=hwqbeT\">Bilder der Weihnachtsfeier<\/a><\/p>\n<hr \/>\n<h2>Besuch vom Nikolaus<\/h2>\n<p>Am Donnerstag bekamen die Kinder der Volksschule wichtigen Besuch, denn der heilige Nikolaus hat sich in unserer Schule eingefunden. So konnten wir dem Nikolaus einige St\u00fccke vortragen und bekamen danach noch ein kleines Geschenk \u00fcberreicht. Zum Gl\u00fcck waren dieses Jahr alle artig und flei\u00dfig und niemand ging leer aus!<\/p>\n<p><a href=\"https:\/\/vshadres-my.sharepoint.com\/:f:\/g\/personal\/fotos_vshadres_ac_at\/IgA_sjME3mMdSpunbURg0tKpATYj5oOKQ0aO_K84fxEZy4g?e=gQngpK\">Besuch vom Nikolaus<\/a><\/p>\n<hr \/>\n<h2>Adventkranzweihe<\/h2>\n<p>Auch dieses Jahr bekamen wir vom Elternverein der VS Hadres wieder Adventkr\u00e4nze spendiert. Diese wurden im Rahmen einer kleinen Andacht von Pater Leo gesegnet.<\/p>\n<p>Dieses Jahr wurden die Kr\u00e4nze jedoch nicht vom Elternverein, sondern im Rahmen der unverbindlichen \u00dcbung von Frau Eva Masa und den Kindern selbst gestaltet.<\/p>\n<p><a href=\"https:\/\/vshadres-my.sharepoint.com\/:f:\/g\/personal\/fotos_vshadres_ac_at\/IgBRs9iLhEbqTInLNqZ-we3aAdTm0R-kQYuhyt58hzzdgUM?e=tEbTDw\">Fotos der Kranzweihe<\/a><\/p>\n<hr \/>\n<h2>Schulprojekt &#8211; Kinderkunstwochen<\/h2>\n<p>Im Oktober haben sich alle Klassen einen K\u00fcnstler ausgesucht, sich mit seinem Leben und seinen Werken auseinandergesetzt und sind dann selbst kreativ geworden. Piet Mondriaan, Wassily Kadinsky, Keith Haring und Joan Mir\u00f3 w\u00e4ren bestimmt genauso stolz auf die Kunstwerke der Kinder wie wir. Schau rein in unsere Galerie!<\/p>\n<p><a href=\"https:\/\/www.kinderartaktion.at\/gallery\/hadres\">Kunstgalerie der VS Hadres<\/a><\/p>\n<hr \/>\n<h2>Weltsparwoche &#8211; Besuch bei der Bank<\/h2>\n<p>Die Kinder der VS Hadres besuchten im Rahmen der Weltsparwoche die ans\u00e4ssigen Banken in Hadres.<\/p>\n<p>Hier bekamen wir Infos zum Thema \u201eSparen\u201c und Einblicke, wie eine Bank funktioniert und was Banken eigentlich genau machen.<\/p>\n<p>Zum Schluss gab es noch ein kleines Abschiedsgeschenk f\u00fcr die Kinder.<\/p>\n<div id='gallery-1' class='gallery galleryid-4147 gallery-columns-3 gallery-size-large'><figure class='gallery-item'>\n\t\t\t<div class='gallery-icon landscape'>\n\t\t\t\t<a href='https:\/\/vshadres.ac.at\/?attachment_id=4150'><img loading=\"lazy\" decoding=\"async\" width=\"525\" height=\"394\" src=\"https:\/\/vshadres.ac.at\/wp-content\/uploads\/2025\/11\/IMG-20251022-WA0002-1024x768.jpg\" class=\"attachment-large size-large\" alt=\"\" srcset=\"https:\/\/vshadres.ac.at\/wp-content\/uploads\/2025\/11\/IMG-20251022-WA0002-1024x768.jpg 1024w, https:\/\/vshadres.ac.at\/wp-content\/uploads\/2025\/11\/IMG-20251022-WA0002-300x225.jpg 300w, https:\/\/vshadres.ac.at\/wp-content\/uploads\/2025\/11\/IMG-20251022-WA0002-768x576.jpg 768w, https:\/\/vshadres.ac.at\/wp-content\/uploads\/2025\/11\/IMG-20251022-WA0002-1536x1152.jpg 1536w, https:\/\/vshadres.ac.at\/wp-content\/uploads\/2025\/11\/IMG-20251022-WA0002.jpg 2048w\" sizes=\"auto, 100vw\" \/><\/a>\n\t\t\t<\/div><\/figure><figure class='gallery-item'>\n\t\t\t<div class='gallery-icon landscape'>\n\t\t\t\t<a href='https:\/\/vshadres.ac.at\/?attachment_id=4149'><img loading=\"lazy\" decoding=\"async\" width=\"525\" height=\"394\" src=\"https:\/\/vshadres.ac.at\/wp-content\/uploads\/2025\/11\/IMG_20251022_112345-1024x768.jpg\" class=\"attachment-large size-large\" alt=\"\" srcset=\"https:\/\/vshadres.ac.at\/wp-content\/uploads\/2025\/11\/IMG_20251022_112345-1024x768.jpg 1024w, https:\/\/vshadres.ac.at\/wp-content\/uploads\/2025\/11\/IMG_20251022_112345-300x225.jpg 300w, https:\/\/vshadres.ac.at\/wp-content\/uploads\/2025\/11\/IMG_20251022_112345-768x576.jpg 768w, https:\/\/vshadres.ac.at\/wp-content\/uploads\/2025\/11\/IMG_20251022_112345-1536x1152.jpg 1536w, https:\/\/vshadres.ac.at\/wp-content\/uploads\/2025\/11\/IMG_20251022_112345-2048x1536.jpg 2048w\" sizes=\"auto, 100vw\" \/><\/a>\n\t\t\t<\/div><\/figure><figure class='gallery-item'>\n\t\t\t<div class='gallery-icon landscape'>\n\t\t\t\t<a href='https:\/\/vshadres.ac.at\/?attachment_id=4148'><img loading=\"lazy\" decoding=\"async\" width=\"525\" height=\"394\" src=\"https:\/\/vshadres.ac.at\/wp-content\/uploads\/2025\/11\/IMG_20251022_112323_1-1024x768.jpg\" class=\"attachment-large size-large\" alt=\"\" srcset=\"https:\/\/vshadres.ac.at\/wp-content\/uploads\/2025\/11\/IMG_20251022_112323_1-1024x768.jpg 1024w, https:\/\/vshadres.ac.at\/wp-content\/uploads\/2025\/11\/IMG_20251022_112323_1-300x225.jpg 300w, https:\/\/vshadres.ac.at\/wp-content\/uploads\/2025\/11\/IMG_20251022_112323_1-768x576.jpg 768w, https:\/\/vshadres.ac.at\/wp-content\/uploads\/2025\/11\/IMG_20251022_112323_1-1536x1152.jpg 1536w, https:\/\/vshadres.ac.at\/wp-content\/uploads\/2025\/11\/IMG_20251022_112323_1-2048x1536.jpg 2048w\" sizes=\"auto, 100vw\" \/><\/a>\n\t\t\t<\/div><\/figure>\n\t\t<\/div>\n\n<hr \/>\n<h2>Erntedankfest<\/h2>\n<p>Die Kinder feierten auch dieses Schuljahr wieder mit den Lehrpersonen rund um Religionslehrerin Agnes Seidl ein kleines Erntedankfest in der Aula.<\/p>\n<div id='gallery-2' class='gallery galleryid-4147 gallery-columns-3 gallery-size-large'><figure class='gallery-item'>\n\t\t\t<div class='gallery-icon landscape'>\n\t\t\t\t<a href='https:\/\/vshadres.ac.at\/?attachment_id=4154'><img loading=\"lazy\" decoding=\"async\" width=\"525\" height=\"394\" src=\"https:\/\/vshadres.ac.at\/wp-content\/uploads\/2025\/11\/IMG_20251008_091159-1-1024x768.jpg\" class=\"attachment-large size-large\" alt=\"\" srcset=\"https:\/\/vshadres.ac.at\/wp-content\/uploads\/2025\/11\/IMG_20251008_091159-1-1024x768.jpg 1024w, https:\/\/vshadres.ac.at\/wp-content\/uploads\/2025\/11\/IMG_20251008_091159-1-300x225.jpg 300w, https:\/\/vshadres.ac.at\/wp-content\/uploads\/2025\/11\/IMG_20251008_091159-1-768x576.jpg 768w, https:\/\/vshadres.ac.at\/wp-content\/uploads\/2025\/11\/IMG_20251008_091159-1-1536x1152.jpg 1536w, https:\/\/vshadres.ac.at\/wp-content\/uploads\/2025\/11\/IMG_20251008_091159-1-2048x1536.jpg 2048w\" sizes=\"auto, 100vw\" \/><\/a>\n\t\t\t<\/div><\/figure><figure class='gallery-item'>\n\t\t\t<div class='gallery-icon landscape'>\n\t\t\t\t<a href='https:\/\/vshadres.ac.at\/?attachment_id=4153'><img loading=\"lazy\" decoding=\"async\" width=\"525\" height=\"394\" src=\"https:\/\/vshadres.ac.at\/wp-content\/uploads\/2025\/11\/IMG_20251008_091138-1024x768.jpg\" class=\"attachment-large size-large\" alt=\"\" srcset=\"https:\/\/vshadres.ac.at\/wp-content\/uploads\/2025\/11\/IMG_20251008_091138-1024x768.jpg 1024w, https:\/\/vshadres.ac.at\/wp-content\/uploads\/2025\/11\/IMG_20251008_091138-300x225.jpg 300w, https:\/\/vshadres.ac.at\/wp-content\/uploads\/2025\/11\/IMG_20251008_091138-768x576.jpg 768w, https:\/\/vshadres.ac.at\/wp-content\/uploads\/2025\/11\/IMG_20251008_091138-1536x1152.jpg 1536w, https:\/\/vshadres.ac.at\/wp-content\/uploads\/2025\/11\/IMG_20251008_091138-2048x1536.jpg 2048w\" sizes=\"auto, 100vw\" \/><\/a>\n\t\t\t<\/div><\/figure><figure class='gallery-item'>\n\t\t\t<div class='gallery-icon landscape'>\n\t\t\t\t<a href='https:\/\/vshadres.ac.at\/?attachment_id=4152'><img loading=\"lazy\" decoding=\"async\" width=\"525\" height=\"394\" src=\"https:\/\/vshadres.ac.at\/wp-content\/uploads\/2025\/11\/IMG_20251008_091119-1024x768.jpg\" class=\"attachment-large size-large\" alt=\"\" srcset=\"https:\/\/vshadres.ac.at\/wp-content\/uploads\/2025\/11\/IMG_20251008_091119-1024x768.jpg 1024w, https:\/\/vshadres.ac.at\/wp-content\/uploads\/2025\/11\/IMG_20251008_091119-300x225.jpg 300w, https:\/\/vshadres.ac.at\/wp-content\/uploads\/2025\/11\/IMG_20251008_091119-768x576.jpg 768w, https:\/\/vshadres.ac.at\/wp-content\/uploads\/2025\/11\/IMG_20251008_091119-1536x1152.jpg 1536w, https:\/\/vshadres.ac.at\/wp-content\/uploads\/2025\/11\/IMG_20251008_091119-2048x1536.jpg 2048w\" sizes=\"auto, 100vw\" \/><\/a>\n\t\t\t<\/div><\/figure>\n\t\t<\/div>\n\n<hr \/>\n<h2>Schulmesse zum Schulstart<\/h2>\n<p>Zum Schulstart fand die Messe dieses Jahr in der Aula der Schule statt.<\/p>\n<p>Hier wurden die Kinder im Rahmen der Messe auch f\u00fcr ein erfolgreiches Schuljahr gesegnet und wir freuen uns schon auf ein spa\u00dfiges und lehrreiches neues Schuljahr!<\/p>\n<div id='gallery-3' class='gallery galleryid-4147 gallery-columns-3 gallery-size-large'><figure class='gallery-item'>\n\t\t\t<div class='gallery-icon landscape'>\n\t\t\t\t<a href='https:\/\/vshadres.ac.at\/?attachment_id=4155'><img loading=\"lazy\" decoding=\"async\" width=\"525\" height=\"394\" src=\"https:\/\/vshadres.ac.at\/wp-content\/uploads\/2025\/11\/IMG_20250901_073258-1024x768.jpg\" class=\"attachment-large size-large\" alt=\"\" srcset=\"https:\/\/vshadres.ac.at\/wp-content\/uploads\/2025\/11\/IMG_20250901_073258-1024x768.jpg 1024w, https:\/\/vshadres.ac.at\/wp-content\/uploads\/2025\/11\/IMG_20250901_073258-300x225.jpg 300w, https:\/\/vshadres.ac.at\/wp-content\/uploads\/2025\/11\/IMG_20250901_073258-768x576.jpg 768w, https:\/\/vshadres.ac.at\/wp-content\/uploads\/2025\/11\/IMG_20250901_073258-1536x1152.jpg 1536w, https:\/\/vshadres.ac.at\/wp-content\/uploads\/2025\/11\/IMG_20250901_073258-2048x1536.jpg 2048w\" sizes=\"auto, 100vw\" \/><\/a>\n\t\t\t<\/div><\/figure><figure class='gallery-item'>\n\t\t\t<div class='gallery-icon landscape'>\n\t\t\t\t<a href='https:\/\/vshadres.ac.at\/?attachment_id=4156'><img loading=\"lazy\" decoding=\"async\" width=\"525\" height=\"394\" src=\"https:\/\/vshadres.ac.at\/wp-content\/uploads\/2025\/11\/IMG_20250901_073307-1024x768.jpg\" class=\"attachment-large size-large\" alt=\"\" srcset=\"https:\/\/vshadres.ac.at\/wp-content\/uploads\/2025\/11\/IMG_20250901_073307-1024x768.jpg 1024w, https:\/\/vshadres.ac.at\/wp-content\/uploads\/2025\/11\/IMG_20250901_073307-300x225.jpg 300w, https:\/\/vshadres.ac.at\/wp-content\/uploads\/2025\/11\/IMG_20250901_073307-768x576.jpg 768w, https:\/\/vshadres.ac.at\/wp-content\/uploads\/2025\/11\/IMG_20250901_073307-1536x1152.jpg 1536w, https:\/\/vshadres.ac.at\/wp-content\/uploads\/2025\/11\/IMG_20250901_073307-2048x1536.jpg 2048w\" sizes=\"auto, 100vw\" \/><\/a>\n\t\t\t<\/div><\/figure><figure class='gallery-item'>\n\t\t\t<div class='gallery-icon landscape'>\n\t\t\t\t<a href='https:\/\/vshadres.ac.at\/?attachment_id=4157'><img loading=\"lazy\" decoding=\"async\" width=\"525\" height=\"394\" src=\"https:\/\/vshadres.ac.at\/wp-content\/uploads\/2025\/11\/IMG_20250901_075728-1-1024x768.jpg\" class=\"attachment-large size-large\" alt=\"\" srcset=\"https:\/\/vshadres.ac.at\/wp-content\/uploads\/2025\/11\/IMG_20250901_075728-1-1024x768.jpg 1024w, https:\/\/vshadres.ac.at\/wp-content\/uploads\/2025\/11\/IMG_20250901_075728-1-300x225.jpg 300w, https:\/\/vshadres.ac.at\/wp-content\/uploads\/2025\/11\/IMG_20250901_075728-1-768x576.jpg 768w, https:\/\/vshadres.ac.at\/wp-content\/uploads\/2025\/11\/IMG_20250901_075728-1-1536x1152.jpg 1536w, https:\/\/vshadres.ac.at\/wp-content\/uploads\/2025\/11\/IMG_20250901_075728-1-2048x1536.jpg 2048w\" sizes=\"auto, 100vw\" \/><\/a>\n\t\t\t<\/div><\/figure><figure class='gallery-item'>\n\t\t\t<div class='gallery-icon landscape'>\n\t\t\t\t<a href='https:\/\/vshadres.ac.at\/?attachment_id=4158'><img loading=\"lazy\" decoding=\"async\" width=\"525\" height=\"394\" src=\"https:\/\/vshadres.ac.at\/wp-content\/uploads\/2025\/11\/IMG_20250901_075843-1024x768.jpg\" class=\"attachment-large size-large\" alt=\"\" srcset=\"https:\/\/vshadres.ac.at\/wp-content\/uploads\/2025\/11\/IMG_20250901_075843-1024x768.jpg 1024w, https:\/\/vshadres.ac.at\/wp-content\/uploads\/2025\/11\/IMG_20250901_075843-300x225.jpg 300w, https:\/\/vshadres.ac.at\/wp-content\/uploads\/2025\/11\/IMG_20250901_075843-768x576.jpg 768w, https:\/\/vshadres.ac.at\/wp-content\/uploads\/2025\/11\/IMG_20250901_075843-1536x1152.jpg 1536w, https:\/\/vshadres.ac.at\/wp-content\/uploads\/2025\/11\/IMG_20250901_075843-2048x1536.jpg 2048w\" sizes=\"auto, 100vw\" \/><\/a>\n\t\t\t<\/div><\/figure><figure class='gallery-item'>\n\t\t\t<div class='gallery-icon landscape'>\n\t\t\t\t<a href='https:\/\/vshadres.ac.at\/?attachment_id=4159'><img loading=\"lazy\" decoding=\"async\" width=\"525\" height=\"394\" src=\"https:\/\/vshadres.ac.at\/wp-content\/uploads\/2025\/11\/IMG_20250901_075903-1024x768.jpg\" class=\"attachment-large size-large\" alt=\"\" srcset=\"https:\/\/vshadres.ac.at\/wp-content\/uploads\/2025\/11\/IMG_20250901_075903-1024x768.jpg 1024w, https:\/\/vshadres.ac.at\/wp-content\/uploads\/2025\/11\/IMG_20250901_075903-300x225.jpg 300w, https:\/\/vshadres.ac.at\/wp-content\/uploads\/2025\/11\/IMG_20250901_075903-768x576.jpg 768w, https:\/\/vshadres.ac.at\/wp-content\/uploads\/2025\/11\/IMG_20250901_075903-1536x1152.jpg 1536w, https:\/\/vshadres.ac.at\/wp-content\/uploads\/2025\/11\/IMG_20250901_075903-2048x1536.jpg 2048w\" sizes=\"auto, 100vw\" \/><\/a>\n\t\t\t<\/div><\/figure>\n\t\t<\/div>\n\n<hr \/>\n<p>&nbsp;<\/p>\n<p>&nbsp;<\/p>\n","protected":false},"excerpt":{"rendered":"<p>Faschingsfest 2026 Auch dieses Jahr durften die Kinder wieder in lustigen Verkleidungen in die Schule kommen, um gemeinsam Fasching zu feiern. Die RAIKA Seefeld-Hadres und Sparkasse Hadres brachten uns s\u00fc\u00dfe Verpflegung in Form von Krapfen, damit die Kinder genug Energie f\u00fcr die anschlie\u00dfenden Spiele in der Grenzlandhalle hatten. Fotos der Faschingsfeier Blick &amp; Klick Die &hellip; <\/p>\n<p class=\"link-more\"><a href=\"https:\/\/vshadres.ac.at\/?page_id=4147\" class=\"more-link\"><span class=\"screen-reader-text\">\u201eAktivit\u00e4ten 2025\/26\u201c<\/span> weiterlesen<\/a><\/p>\n","protected":false},"author":2,"featured_media":0,"parent":0,"menu_order":0,"comment_status":"closed","ping_status":"closed","template":"","meta":{"footnotes":""},"class_list":["post-4147","page","type-page","status-publish","hentry"],"_links":{"self":[{"href":"https:\/\/vshadres.ac.at\/index.php?rest_route=\/wp\/v2\/pages\/4147","targetHints":{"allow":["GET"]}}],"collection":[{"href":"https:\/\/vshadres.ac.at\/index.php?rest_route=\/wp\/v2\/pages"}],"about":[{"href":"https:\/\/vshadres.ac.at\/index.php?rest_route=\/wp\/v2\/types\/page"}],"author":[{"embeddable":true,"href":"https:\/\/vshadres.ac.at\/index.php?rest_route=\/wp\/v2\/users\/2"}],"replies":[{"embeddable":true,"href":"https:\/\/vshadres.ac.at\/index.php?rest_route=%2Fwp%2Fv2%2Fcomments&post=4147"}],"version-history":[{"count":8,"href":"https:\/\/vshadres.ac.at\/index.php?rest_route=\/wp\/v2\/pages\/4147\/revisions"}],"predecessor-version":[{"id":4185,"href":"https:\/\/vshadres.ac.at\/index.php?rest_route=\/wp\/v2\/pages\/4147\/revisions\/4185"}],"wp:attachment":[{"href":"https:\/\/vshadres.ac.at\/index.php?rest_route=%2Fwp%2Fv2%2Fmedia&parent=4147"}],"curies":[{"name":"wp","href":"https:\/\/api.w.org\/{rel}","templated":true}]}}