{"id":4095,"date":"2025-08-13T10:45:06","date_gmt":"2025-08-13T10:45:06","guid":{"rendered":"https:\/\/vshadres.ac.at\/?page_id=4095"},"modified":"2025-11-14T12:21:38","modified_gmt":"2025-11-14T12:21:38","slug":"informationen-zum-schulstart","status":"publish","type":"page","link":"https:\/\/vshadres.ac.at\/?page_id=4095","title":{"rendered":"Allgemeine Informationen"},"content":{"rendered":"<p>Das neue Schuljahr (2025\/26) beginnt am 1. September.<br \/>\nDie Sch\u00fcler:innen treffen einander in den Klassenr\u00e4umen um 7:30 Uhr.<\/p>\n<p>Unser erster Schultag im neuen Schuljahr endet um 09:00. An diesem Tag f\u00e4hrt kein Schulbus und es findet auch noch keine Nachmittagsbetreuung statt.<\/p>\n<p><strong>Unterrichtszeiten:<\/strong><\/p>\n<p>1. Stunde:\u00a0 \u00a007:30 &#8211; 08:20<\/p>\n<p>2. Stunde:\u00a0 \u00a008:20 &#8211; 09:10<\/p>\n<p>3. Stunde:\u00a0 \u00a009:30 &#8211; 10:20<\/p>\n<p>4. Stunde:\u00a0 \u00a010:20 &#8211; 11:10<\/p>\n<p>5. Stunde:\u00a0 \u00a011:20 &#8211; 12:10<\/p>\n<p>&nbsp;<\/p>\n<p><strong>Es f\u00e4hrt nach drei Stunden kein Schulbus!<\/strong><\/p>\n","protected":false},"excerpt":{"rendered":"<p>Das neue Schuljahr (2025\/26) beginnt am 1. September. Die Sch\u00fcler:innen treffen einander in den Klassenr\u00e4umen um 7:30 Uhr. Unser erster Schultag im neuen Schuljahr endet um 09:00. An diesem Tag f\u00e4hrt kein Schulbus und es findet auch noch keine Nachmittagsbetreuung statt. Unterrichtszeiten: 1. Stunde:\u00a0 \u00a007:30 &#8211; 08:20 2. Stunde:\u00a0 \u00a008:20 &#8211; 09:10 3. Stunde:\u00a0 \u00a009:30 &hellip; <\/p>\n<p class=\"link-more\"><a href=\"https:\/\/vshadres.ac.at\/?page_id=4095\" class=\"more-link\"><span class=\"screen-reader-text\">\u201eAllgemeine Informationen\u201c<\/span> weiterlesen<\/a><\/p>\n","protected":false},"author":2,"featured_media":0,"parent":0,"menu_order":0,"comment_status":"closed","ping_status":"closed","template":"","meta":{"footnotes":""},"class_list":["post-4095","page","type-page","status-publish","hentry"],"_links":{"self":[{"href":"https:\/\/vshadres.ac.at\/index.php?rest_route=\/wp\/v2\/pages\/4095","targetHints":{"allow":["GET"]}}],"collection":[{"href":"https:\/\/vshadres.ac.at\/index.php?rest_route=\/wp\/v2\/pages"}],"about":[{"href":"https:\/\/vshadres.ac.at\/index.php?rest_route=\/wp\/v2\/types\/page"}],"author":[{"embeddable":true,"href":"https:\/\/vshadres.ac.at\/index.php?rest_route=\/wp\/v2\/users\/2"}],"replies":[{"embeddable":true,"href":"https:\/\/vshadres.ac.at\/index.php?rest_route=%2Fwp%2Fv2%2Fcomments&post=4095"}],"version-history":[{"count":6,"href":"https:\/\/vshadres.ac.at\/index.php?rest_route=\/wp\/v2\/pages\/4095\/revisions"}],"predecessor-version":[{"id":4174,"href":"https:\/\/vshadres.ac.at\/index.php?rest_route=\/wp\/v2\/pages\/4095\/revisions\/4174"}],"wp:attachment":[{"href":"https:\/\/vshadres.ac.at\/index.php?rest_route=%2Fwp%2Fv2%2Fmedia&parent=4095"}],"curies":[{"name":"wp","href":"https:\/\/api.w.org\/{rel}","templated":true}]}}