{"id":27,"date":"2013-08-11T12:48:26","date_gmt":"2013-08-11T12:48:26","guid":{"rendered":"http:\/\/vshadres.ac.at\/wordpress\/wordpress\/?page_id=27"},"modified":"2025-11-03T11:15:45","modified_gmt":"2025-11-03T11:15:45","slug":"stundenplane","status":"publish","type":"page","link":"https:\/\/vshadres.ac.at\/?page_id=27","title":{"rendered":"Nachmittagsbetreuung"},"content":{"rendered":"<p>Seit dem Schuljahr 2015\/16 gibt es an der VS Hadres eine schulische Nachmittagsbetreuung.<\/p>\n<p>Martina Hazuchova ist auch im Schuljahr 2019\/20 unsere P\u00e4dagogin f\u00fcr den Betreuungsteil.<\/p>\n<p>Die schulische Nachmittagsbetreuung ist eine flexible Form der ganzt\u00e4gigen Schule, die eine Betreuung der Kinder am Nachmittag bei uns bis 17 Uhr bietet.<\/p>\n<p class=\"bodytext\">Der Betreuungsteil umfasst ein gemeinsames Mittagessen, eine Lernzeit und einen Freizeitteil. Die Lernzeit dient zur Festigung des Lehrstoffs oder zur Erledigung von Haus\u00fcbungen und wird von LehrerInnen oder ErzieherInnen gehalten. Im Freizeitteil ist Platz f\u00fcr ungelenktes Spielen und Austoben, wie auch f\u00fcr gelenkte Freizeitangebote (Basteln, Brettspiele, Lesen, sportliche Aktivit\u00e4ten, etc).<\/p>\n<p class=\"bodytext\">Durchgef\u00fchrt wird die schulische Nachmittagsbetreuung von LehrerInnen, ErzieherInnen oder Freizeitp\u00e4dagogInnen.<br \/>\nVon den Eltern sind Betreuungs- und Verpflegungsbeitr\u00e4ge zu bezahlen, die sich nach der Anzahl der angemeldeten Tage richten.<\/p>\n<p class=\"bodytext\">Quelle: www.noe-familienland.at<\/p>\n","protected":false},"excerpt":{"rendered":"<p>Seit dem Schuljahr 2015\/16 gibt es an der VS Hadres eine schulische Nachmittagsbetreuung. Martina Hazuchova ist auch im Schuljahr 2019\/20 unsere P\u00e4dagogin f\u00fcr den Betreuungsteil. Die schulische Nachmittagsbetreuung ist eine flexible Form der ganzt\u00e4gigen Schule, die eine Betreuung der Kinder am Nachmittag bei uns bis 17 Uhr bietet. Der Betreuungsteil umfasst ein gemeinsames Mittagessen, eine &hellip; <\/p>\n<p class=\"link-more\"><a href=\"https:\/\/vshadres.ac.at\/?page_id=27\" class=\"more-link\"><span class=\"screen-reader-text\">\u201eNachmittagsbetreuung\u201c<\/span> weiterlesen<\/a><\/p>\n","protected":false},"author":1,"featured_media":0,"parent":0,"menu_order":0,"comment_status":"closed","ping_status":"closed","template":"","meta":{"footnotes":""},"class_list":["post-27","page","type-page","status-publish","hentry"],"_links":{"self":[{"href":"https:\/\/vshadres.ac.at\/index.php?rest_route=\/wp\/v2\/pages\/27","targetHints":{"allow":["GET"]}}],"collection":[{"href":"https:\/\/vshadres.ac.at\/index.php?rest_route=\/wp\/v2\/pages"}],"about":[{"href":"https:\/\/vshadres.ac.at\/index.php?rest_route=\/wp\/v2\/types\/page"}],"author":[{"embeddable":true,"href":"https:\/\/vshadres.ac.at\/index.php?rest_route=\/wp\/v2\/users\/1"}],"replies":[{"embeddable":true,"href":"https:\/\/vshadres.ac.at\/index.php?rest_route=%2Fwp%2Fv2%2Fcomments&post=27"}],"version-history":[{"count":42,"href":"https:\/\/vshadres.ac.at\/index.php?rest_route=\/wp\/v2\/pages\/27\/revisions"}],"predecessor-version":[{"id":4137,"href":"https:\/\/vshadres.ac.at\/index.php?rest_route=\/wp\/v2\/pages\/27\/revisions\/4137"}],"wp:attachment":[{"href":"https:\/\/vshadres.ac.at\/index.php?rest_route=%2Fwp%2Fv2%2Fmedia&parent=27"}],"curies":[{"name":"wp","href":"https:\/\/api.w.org\/{rel}","templated":true}]}}