{"id":10,"date":"2013-08-11T12:37:59","date_gmt":"2013-08-11T12:37:59","guid":{"rendered":"http:\/\/vshadres.ac.at\/wordpress\/wordpress\/?page_id=10"},"modified":"2025-05-05T14:19:18","modified_gmt":"2025-05-05T14:19:18","slug":"geschichtliches","status":"publish","type":"page","link":"https:\/\/vshadres.ac.at\/?page_id=10","title":{"rendered":"Unser Leitbild"},"content":{"rendered":"<h2><img loading=\"lazy\" decoding=\"async\" class=\"alignnone size-full wp-image-3645\" src=\"http:\/\/vshadres.ac.at\/wp-content\/uploads\/2022\/05\/Leitbild-Bild.jpg\" alt=\"\" width=\"574\" height=\"243\" srcset=\"https:\/\/vshadres.ac.at\/wp-content\/uploads\/2022\/05\/Leitbild-Bild.jpg 574w, https:\/\/vshadres.ac.at\/wp-content\/uploads\/2022\/05\/Leitbild-Bild-300x127.jpg 300w\" sizes=\"auto, (max-width: 574px) 100vw, 574px\" \/><span style=\"color: #7d1616;\"><strong><span style=\"color: #bf2626;\">KOPF<\/span><br \/>\n<\/strong><\/span><\/h2>\n<p><strong><span style=\"color: #bf2626;\">Mit uns gemeinsam <\/span><\/strong>gelingt erfolgreiches Lernen durch Anwendung verschiedener Lernmethoden.<\/p>\n<p><span style=\"color: #bf2626;\"><strong>Wir<\/strong><\/span> konzentrieren uns auf das Wesentliche und sehen die Wiederholung als Mutter der P\u00e4dagogik.<\/p>\n<h2><span style=\"color: #ff0000;\"><strong>HERZ<\/strong><\/span><\/h2>\n<p><span style=\"color: #ff0000;\"><strong>Mit uns gemeinsam<\/strong><\/span> gelingt wertsch\u00e4tzender und respektvoller Umgang miteinander.<\/p>\n<p><span style=\"color: #ff0000;\"><strong>Wir<\/strong><\/span> versuchen in unserer komplexen Welt einen sicheren Ort zu schaffen, in dem sich die Kinder wohlf\u00fchlen und entfalten k\u00f6nnen.<\/p>\n<h2><span style=\"color: #e66767;\"><strong>HAND<\/strong><\/span><\/h2>\n<p><span style=\"color: #e66767;\"><strong>Mit uns gemeinsam <\/strong><\/span>gelingt es den Kindern, sich in unserer digitalen Welt wieder zu sp\u00fcren.<\/p>\n<p><span style=\"color: #e66767;\"><strong>Wir<\/strong> <\/span>erm\u00f6glichen den Kindern durch eine Ausgewogenheit an Lern-, Spiel- und Bewegungsphasen sich bestm\u00f6glich zu entwickeln.<\/p>\n<p>&nbsp;<\/p>\n<p>&nbsp;<\/p>\n<p>Seit dem Schuljahr 2024\/25 ist die VS Hadres eine &#8222;H2NOE&#8220;-Wasserschule!<\/p>\n<p>Somit steht an unserer Schule Leitungswasser als Getr\u00e4nk im Mittelpunkt. Das Wassertrinken in der Schule wird gef\u00f6rdert und damit wird auch ein wichtiger Beitrag zur Gesundheit der Sch\u00fclerinnen und Sch\u00fcler geleistet.<\/p>\n<p><img loading=\"lazy\" decoding=\"async\" class=\"wp-image-4078 alignleft\" src=\"http:\/\/vshadres.ac.at\/wp-content\/uploads\/2025\/05\/Tut-gut.png\" alt=\"\" width=\"192\" height=\"183\" \/><\/p>\n","protected":false},"excerpt":{"rendered":"<p>KOPF Mit uns gemeinsam gelingt erfolgreiches Lernen durch Anwendung verschiedener Lernmethoden. Wir konzentrieren uns auf das Wesentliche und sehen die Wiederholung als Mutter der P\u00e4dagogik. HERZ Mit uns gemeinsam gelingt wertsch\u00e4tzender und respektvoller Umgang miteinander. Wir versuchen in unserer komplexen Welt einen sicheren Ort zu schaffen, in dem sich die Kinder wohlf\u00fchlen und entfalten k\u00f6nnen. &hellip; <\/p>\n<p class=\"link-more\"><a href=\"https:\/\/vshadres.ac.at\/?page_id=10\" class=\"more-link\"><span class=\"screen-reader-text\">\u201eUnser Leitbild\u201c<\/span> weiterlesen<\/a><\/p>\n","protected":false},"author":1,"featured_media":0,"parent":0,"menu_order":0,"comment_status":"closed","ping_status":"closed","template":"","meta":{"footnotes":""},"class_list":["post-10","page","type-page","status-publish","hentry"],"_links":{"self":[{"href":"https:\/\/vshadres.ac.at\/index.php?rest_route=\/wp\/v2\/pages\/10","targetHints":{"allow":["GET"]}}],"collection":[{"href":"https:\/\/vshadres.ac.at\/index.php?rest_route=\/wp\/v2\/pages"}],"about":[{"href":"https:\/\/vshadres.ac.at\/index.php?rest_route=\/wp\/v2\/types\/page"}],"author":[{"embeddable":true,"href":"https:\/\/vshadres.ac.at\/index.php?rest_route=\/wp\/v2\/users\/1"}],"replies":[{"embeddable":true,"href":"https:\/\/vshadres.ac.at\/index.php?rest_route=%2Fwp%2Fv2%2Fcomments&post=10"}],"version-history":[{"count":16,"href":"https:\/\/vshadres.ac.at\/index.php?rest_route=\/wp\/v2\/pages\/10\/revisions"}],"predecessor-version":[{"id":4079,"href":"https:\/\/vshadres.ac.at\/index.php?rest_route=\/wp\/v2\/pages\/10\/revisions\/4079"}],"wp:attachment":[{"href":"https:\/\/vshadres.ac.at\/index.php?rest_route=%2Fwp%2Fv2%2Fmedia&parent=10"}],"curies":[{"name":"wp","href":"https:\/\/api.w.org\/{rel}","templated":true}]}}